{"id":711,"date":"2024-03-28T13:24:57","date_gmt":"2024-03-28T13:24:57","guid":{"rendered":"https:\/\/d.r3.wbsprt.com\/jpvarchitekt.cz\/?page_id=711"},"modified":"2024-09-18T21:28:17","modified_gmt":"2024-09-18T21:28:17","slug":"drobna-architektura","status":"publish","type":"page","link":"https:\/\/jpvarchitekt.cz\/de\/drobna-architektura","title":{"rendered":"Kleinarchitektur"},"content":{"rendered":"\t\t<div data-elementor-type=\"wp-page\" data-elementor-id=\"711\" class=\"elementor elementor-711\" data-elementor-post-type=\"page\">\n\t\t\t\t<div class=\"elementor-element elementor-element-f74921d e-con-full e-flex e-con e-parent\" data-id=\"f74921d\" data-element_type=\"container\" data-e-type=\"container\">\n\t\t<div class=\"elementor-element elementor-element-88c390a e-con-full e-flex e-con e-child\" data-id=\"88c390a\" data-element_type=\"container\" data-e-type=\"container\">\n\t\t\t\t<div class=\"elementor-element elementor-element-884057e elementor-widget-mobile__width-auto elementor-widget__width-initial elementor-widget elementor-widget-heading\" data-id=\"884057e\" data-element_type=\"widget\" data-e-type=\"widget\" data-widget_type=\"heading.default\">\n\t\t\t\t\t<h1 class=\"elementor-heading-title elementor-size-default\">Drobn\u00e1 architektura<\/h1>\t\t\t\t<\/div>\n\t\t\t\t<\/div>\n\t\t<div class=\"elementor-element elementor-element-132cd62 e-con-full e-flex e-con e-child\" data-id=\"132cd62\" data-element_type=\"container\" data-e-type=\"container\">\n\t\t\t\t<div class=\"elementor-element elementor-element-b78a405 elementor-headline--style-rotate elementor-widget elementor-widget-animated-headline\" data-id=\"b78a405\" data-element_type=\"widget\" data-e-type=\"widget\" data-settings=\"{&quot;headline_style&quot;:&quot;rotate&quot;,&quot;animation_type&quot;:&quot;swirl&quot;,&quot;rotating_text&quot;:&quot;zahradn\\u00ed domek\\nbaz\\u00e9n\\npergolu \\u010di terasu\\nletn\\u00ed kuchyni\\nalt\\u00e1n\\np\\u0159\\u00edst\\u0159e\\u0161ek\\nschodi\\u0161t\\u011b\\nautobusovou zast\\u00e1vku&quot;,&quot;loop&quot;:&quot;yes&quot;,&quot;rotate_iteration_delay&quot;:2500}\" data-widget_type=\"animated-headline.default\">\n\t\t\t\t\t\t\t<h2 class=\"elementor-headline elementor-headline-animation-type-swirl elementor-headline-letters\">\n\t\t\t\t\t<span class=\"elementor-headline-plain-text elementor-headline-text-wrapper\">Navrhneme v\u00e1m<\/span>\n\t\t\t\t<span class=\"elementor-headline-dynamic-wrapper elementor-headline-text-wrapper\">\n\t\t\t\t\t<span class=\"elementor-headline-dynamic-text elementor-headline-text-active\">\n\t\t\t\tzahradn\u00ed&nbsp;domek\t\t\t<\/span>\n\t\t\t\t\t<span class=\"elementor-headline-dynamic-text\">\n\t\t\t\tbaz\u00e9n\t\t\t<\/span>\n\t\t\t\t\t<span class=\"elementor-headline-dynamic-text\">\n\t\t\t\tpergolu&nbsp;\u010di&nbsp;terasu\t\t\t<\/span>\n\t\t\t\t\t<span class=\"elementor-headline-dynamic-text\">\n\t\t\t\tletn\u00ed&nbsp;kuchyni\t\t\t<\/span>\n\t\t\t\t\t<span class=\"elementor-headline-dynamic-text\">\n\t\t\t\talt\u00e1n\t\t\t<\/span>\n\t\t\t\t\t<span class=\"elementor-headline-dynamic-text\">\n\t\t\t\tp\u0159\u00edst\u0159e\u0161ek\t\t\t<\/span>\n\t\t\t\t\t<span class=\"elementor-headline-dynamic-text\">\n\t\t\t\tschodi\u0161t\u011b\t\t\t<\/span>\n\t\t\t\t\t<span class=\"elementor-headline-dynamic-text\">\n\t\t\t\tautobusovou&nbsp;zast\u00e1vku\t\t\t<\/span>\n\t\t\t\t\t\t<\/span>\n\t\t\t\t<\/h2>\n\t\t\t\t\t\t<\/div>\n\t\t\t\t<div class=\"elementor-element elementor-element-375a112 elementor-widget__width-initial elementor-widget-tablet__width-initial elementor-widget-mobile__width-initial elementor-widget elementor-widget-text-editor\" data-id=\"375a112\" data-element_type=\"widget\" data-e-type=\"widget\" data-widget_type=\"text-editor.default\">\n\t\t\t\t\t\t\t\t\t<p>Vn\u00edm\u00e1me prostor jako celek se\u00a0v\u0161emi jeho \u010d\u00e1stmi, proto se\u00a0v\u00a0n\u00e1vrz\u00edch \u010dasto zab\u00fdv\u00e1me i\u00a0drobnou architekturou. Ta zahrnuje men\u0161\u00ed objekty, kter\u00e9 nejsou p\u0159\u00edmo stavbami. M\u016f\u017ee j\u00edt o\u00a0z\u00e1bradl\u00ed, pergoly nebo t\u0159eba terasy, baz\u00e9ny, zahradn\u00ed domky a\u00a0oplocen\u00ed kolem dom\u016f. Tyto mal\u00e9, ale d\u016fle\u017eit\u00e9 prvky dotv\u00e1\u0159ej\u00ed celkov\u00fd vzhled a\u00a0funk\u010dnost prostoru.<br \/><br \/>V\u00edme, jak jsou detaily pro projekty d\u016fle\u017eit\u00e9. <br \/>Proto je navrhujeme kompletn\u011b, v\u010detn\u011b t\u011bchto drobnost\u00ed.<\/p>\t\t\t\t\t\t\t\t<\/div>\n\t\t\t\t<\/div>\n\t\t\t\t<\/div>\n\t\t<div class=\"elementor-element elementor-element-a555dd9 e-con-full e-flex e-con e-parent\" data-id=\"a555dd9\" data-element_type=\"container\" data-e-type=\"container\">\n\t\t\t\t<div class=\"elementor-element elementor-element-6ed25a9 elementor-grid-3 elementor-grid-tablet-2 elementor-grid-mobile-1 elementor-widget elementor-widget-loop-grid\" data-id=\"6ed25a9\" data-element_type=\"widget\" data-e-type=\"widget\" data-settings=\"{&quot;template_id&quot;:354,&quot;row_gap&quot;:{&quot;unit&quot;:&quot;px&quot;,&quot;size&quot;:70,&quot;sizes&quot;:[]},&quot;_skin&quot;:&quot;post&quot;,&quot;columns&quot;:&quot;3&quot;,&quot;columns_tablet&quot;:&quot;2&quot;,&quot;columns_mobile&quot;:&quot;1&quot;,&quot;edit_handle_selector&quot;:&quot;[data-elementor-type=\\&quot;loop-item\\&quot;]&quot;,&quot;row_gap_widescreen&quot;:{&quot;unit&quot;:&quot;px&quot;,&quot;size&quot;:&quot;&quot;,&quot;sizes&quot;:[]},&quot;row_gap_tablet&quot;:{&quot;unit&quot;:&quot;px&quot;,&quot;size&quot;:&quot;&quot;,&quot;sizes&quot;:[]},&quot;row_gap_mobile_extra&quot;:{&quot;unit&quot;:&quot;px&quot;,&quot;size&quot;:&quot;&quot;,&quot;sizes&quot;:[]},&quot;row_gap_mobile&quot;:{&quot;unit&quot;:&quot;px&quot;,&quot;size&quot;:&quot;&quot;,&quot;sizes&quot;:[]}}\" data-widget_type=\"loop-grid.post\">\n\t\t\t\t<div class=\"elementor-widget-container\">\n\t\t\t\t\t\t\t<div class=\"elementor-loop-container elementor-grid\" role=\"list\">\n\t\t<style id=\"loop-354\">.elementor-354 .elementor-element.elementor-element-fe5761a{--display:flex;--gap:0px 0px;--row-gap:0px;--column-gap:0px;--background-transition:0.3s;--padding-top:0px;--padding-bottom:0px;--padding-left:0px;--padding-right:0px;}.elementor-354 .elementor-element.elementor-element-fe5761a:not(.elementor-motion-effects-element-type-background), .elementor-354 .elementor-element.elementor-element-fe5761a > .elementor-motion-effects-container > .elementor-motion-effects-layer{background-color:#E5E5E5;}.elementor-354 .elementor-element.elementor-element-fe5761a:hover{background-color:var( --e-global-color-accent );}.elementor-354 .elementor-element.elementor-element-ad91871{--display:flex;--padding-top:15px;--padding-bottom:15px;--padding-left:15px;--padding-right:15px;}.elementor-widget-theme-post-title .elementor-heading-title{color:var( --e-global-color-primary );}.elementor-354 .elementor-element.elementor-element-876337d .elementor-heading-title{font-family:\"Formular\", Sans-serif;font-size:15px;}.elementor-354 .elementor-element.elementor-element-b8b2cfe{--display:flex;--padding-top:0px;--padding-bottom:0px;--padding-left:0px;--padding-right:0px;}.elementor-widget-theme-post-featured-image .widget-image-caption{color:var( --e-global-color-text );}.elementor-354 .elementor-element.elementor-element-ea26d67 img{height:260px;object-fit:cover;object-position:center center;}\/* Start custom CSS for container, class: .elementor-element-fe5761a *\/.elementor-354 .elementor-element.elementor-element-fe5761a:hover img{\n\n    mix-blend-mode:luminosity !important; \n}\/* End custom CSS *\/<\/style>\t\t<div data-elementor-type=\"loop-item\" data-elementor-id=\"354\" class=\"elementor elementor-354 e-loop-item e-loop-item-2308 post-2308 projekty type-projekty status-publish has-post-thumbnail hentry category-drobna-architektura\" data-elementor-post-type=\"elementor_library\" data-custom-edit-handle=\"1\">\n\t\t\t<div class=\"elementor-element elementor-element-fe5761a e-flex e-con-boxed e-con e-parent\" data-id=\"fe5761a\" data-element_type=\"container\" data-e-type=\"container\" data-settings=\"{&quot;background_background&quot;:&quot;classic&quot;}\">\n\t\t\t\t\t<div class=\"e-con-inner\">\n\t\t<div class=\"elementor-element elementor-element-ad91871 e-con-full e-flex e-con e-child\" data-id=\"ad91871\" data-element_type=\"container\" data-e-type=\"container\">\n\t\t\t\t<div class=\"elementor-element elementor-element-876337d elementor-widget elementor-widget-theme-post-title elementor-page-title elementor-widget-heading\" data-id=\"876337d\" data-element_type=\"widget\" data-e-type=\"widget\" data-widget_type=\"theme-post-title.default\">\n\t\t\t\t\t<h1 class=\"elementor-heading-title elementor-size-default\"><a href=\"https:\/\/jpvarchitekt.cz\/de\/drobna-architektura\/pristavba-k-domu-ze-30-let\">P\u0159\u00edstavba k domu ze 30. let<\/a><\/h1>\t\t\t\t<\/div>\n\t\t\t\t<\/div>\n\t\t<div class=\"elementor-element elementor-element-b8b2cfe e-con-full e-flex e-con e-child\" data-id=\"b8b2cfe\" data-element_type=\"container\" data-e-type=\"container\">\n\t\t\t\t<div class=\"elementor-element elementor-element-ea26d67 elementor-widget elementor-widget-theme-post-featured-image elementor-widget-image\" data-id=\"ea26d67\" data-element_type=\"widget\" data-e-type=\"widget\" data-widget_type=\"theme-post-featured-image.default\">\n\t\t\t\t\t\t\t\t\t\t\t\t\t\t\t\t<a href=\"https:\/\/jpvarchitekt.cz\/de\/drobna-architektura\/pristavba-k-domu-ze-30-let\">\n\t\t\t\t\t\t\t<img fetchpriority=\"high\" decoding=\"async\" width=\"800\" height=\"433\" src=\"https:\/\/jpvarchitekt.cz\/wp-content\/uploads\/2024\/08\/pristavba-k-domu1-1024x554.jpg\" class=\"attachment-large size-large wp-image-2309\" alt=\"\" srcset=\"https:\/\/jpvarchitekt.cz\/wp-content\/uploads\/2024\/08\/pristavba-k-domu1-1024x554.jpg 1024w, https:\/\/jpvarchitekt.cz\/wp-content\/uploads\/2024\/08\/pristavba-k-domu1-300x162.jpg 300w, https:\/\/jpvarchitekt.cz\/wp-content\/uploads\/2024\/08\/pristavba-k-domu1-768x415.jpg 768w, https:\/\/jpvarchitekt.cz\/wp-content\/uploads\/2024\/08\/pristavba-k-domu1-1536x830.jpg 1536w, https:\/\/jpvarchitekt.cz\/wp-content\/uploads\/2024\/08\/pristavba-k-domu1.jpg 1600w\" sizes=\"(max-width: 800px) 100vw, 800px\" \/>\t\t\t\t\t\t\t\t<\/a>\n\t\t\t\t\t\t\t\t\t\t\t\t\t\t\t<\/div>\n\t\t\t\t<\/div>\n\t\t\t\t\t<\/div>\n\t\t\t\t<\/div>\n\t\t\t\t<\/div>\n\t\t\t\t<div data-elementor-type=\"loop-item\" data-elementor-id=\"354\" class=\"elementor elementor-354 e-loop-item e-loop-item-2302 post-2302 projekty type-projekty status-publish has-post-thumbnail hentry category-drobna-architektura\" data-elementor-post-type=\"elementor_library\" data-custom-edit-handle=\"1\">\n\t\t\t<div class=\"elementor-element elementor-element-fe5761a e-flex e-con-boxed e-con e-parent\" data-id=\"fe5761a\" data-element_type=\"container\" data-e-type=\"container\" data-settings=\"{&quot;background_background&quot;:&quot;classic&quot;}\">\n\t\t\t\t\t<div class=\"e-con-inner\">\n\t\t<div class=\"elementor-element elementor-element-ad91871 e-con-full e-flex e-con e-child\" data-id=\"ad91871\" data-element_type=\"container\" data-e-type=\"container\">\n\t\t\t\t<div class=\"elementor-element elementor-element-876337d elementor-widget elementor-widget-theme-post-title elementor-page-title elementor-widget-heading\" data-id=\"876337d\" data-element_type=\"widget\" data-e-type=\"widget\" data-widget_type=\"theme-post-title.default\">\n\t\t\t\t\t<h1 class=\"elementor-heading-title elementor-size-default\"><a href=\"https:\/\/jpvarchitekt.cz\/de\/drobna-architektura\/terasa-za-domem\">Terasa za domem<\/a><\/h1>\t\t\t\t<\/div>\n\t\t\t\t<\/div>\n\t\t<div class=\"elementor-element elementor-element-b8b2cfe e-con-full e-flex e-con e-child\" data-id=\"b8b2cfe\" data-element_type=\"container\" data-e-type=\"container\">\n\t\t\t\t<div class=\"elementor-element elementor-element-ea26d67 elementor-widget elementor-widget-theme-post-featured-image elementor-widget-image\" data-id=\"ea26d67\" data-element_type=\"widget\" data-e-type=\"widget\" data-widget_type=\"theme-post-featured-image.default\">\n\t\t\t\t\t\t\t\t\t\t\t\t\t\t\t\t<a href=\"https:\/\/jpvarchitekt.cz\/de\/drobna-architektura\/terasa-za-domem\">\n\t\t\t\t\t\t\t<img decoding=\"async\" width=\"800\" height=\"450\" src=\"https:\/\/jpvarchitekt.cz\/wp-content\/uploads\/2024\/08\/terasa-na-statku4-1024x576.jpg\" class=\"attachment-large size-large wp-image-2306\" alt=\"\" srcset=\"https:\/\/jpvarchitekt.cz\/wp-content\/uploads\/2024\/08\/terasa-na-statku4-1024x576.jpg 1024w, https:\/\/jpvarchitekt.cz\/wp-content\/uploads\/2024\/08\/terasa-na-statku4-300x169.jpg 300w, https:\/\/jpvarchitekt.cz\/wp-content\/uploads\/2024\/08\/terasa-na-statku4-768x432.jpg 768w, https:\/\/jpvarchitekt.cz\/wp-content\/uploads\/2024\/08\/terasa-na-statku4-1536x864.jpg 1536w, https:\/\/jpvarchitekt.cz\/wp-content\/uploads\/2024\/08\/terasa-na-statku4.jpg 1920w\" sizes=\"(max-width: 800px) 100vw, 800px\" \/>\t\t\t\t\t\t\t\t<\/a>\n\t\t\t\t\t\t\t\t\t\t\t\t\t\t\t<\/div>\n\t\t\t\t<\/div>\n\t\t\t\t\t<\/div>\n\t\t\t\t<\/div>\n\t\t\t\t<\/div>\n\t\t\t\t<div data-elementor-type=\"loop-item\" data-elementor-id=\"354\" class=\"elementor elementor-354 e-loop-item e-loop-item-2296 post-2296 projekty type-projekty status-publish has-post-thumbnail hentry category-drobna-architektura\" data-elementor-post-type=\"elementor_library\" data-custom-edit-handle=\"1\">\n\t\t\t<div class=\"elementor-element elementor-element-fe5761a e-flex e-con-boxed e-con e-parent\" data-id=\"fe5761a\" data-element_type=\"container\" data-e-type=\"container\" data-settings=\"{&quot;background_background&quot;:&quot;classic&quot;}\">\n\t\t\t\t\t<div class=\"e-con-inner\">\n\t\t<div class=\"elementor-element elementor-element-ad91871 e-con-full e-flex e-con e-child\" data-id=\"ad91871\" data-element_type=\"container\" data-e-type=\"container\">\n\t\t\t\t<div class=\"elementor-element elementor-element-876337d elementor-widget elementor-widget-theme-post-title elementor-page-title elementor-widget-heading\" data-id=\"876337d\" data-element_type=\"widget\" data-e-type=\"widget\" data-widget_type=\"theme-post-title.default\">\n\t\t\t\t\t<h1 class=\"elementor-heading-title elementor-size-default\"><a href=\"https:\/\/jpvarchitekt.cz\/de\/drobna-architektura\/zvetsujeme-terasu\">Zv\u011bt\u0161ujeme terasu<\/a><\/h1>\t\t\t\t<\/div>\n\t\t\t\t<\/div>\n\t\t<div class=\"elementor-element elementor-element-b8b2cfe e-con-full e-flex e-con e-child\" data-id=\"b8b2cfe\" data-element_type=\"container\" data-e-type=\"container\">\n\t\t\t\t<div class=\"elementor-element elementor-element-ea26d67 elementor-widget elementor-widget-theme-post-featured-image elementor-widget-image\" data-id=\"ea26d67\" data-element_type=\"widget\" data-e-type=\"widget\" data-widget_type=\"theme-post-featured-image.default\">\n\t\t\t\t\t\t\t\t\t\t\t\t\t\t\t\t<a href=\"https:\/\/jpvarchitekt.cz\/de\/drobna-architektura\/zvetsujeme-terasu\">\n\t\t\t\t\t\t\t<img decoding=\"async\" width=\"800\" height=\"450\" src=\"https:\/\/jpvarchitekt.cz\/wp-content\/uploads\/2024\/08\/zvetseni-terasy3-1024x576.jpg\" class=\"attachment-large size-large wp-image-2299\" alt=\"\" srcset=\"https:\/\/jpvarchitekt.cz\/wp-content\/uploads\/2024\/08\/zvetseni-terasy3-1024x576.jpg 1024w, https:\/\/jpvarchitekt.cz\/wp-content\/uploads\/2024\/08\/zvetseni-terasy3-300x169.jpg 300w, https:\/\/jpvarchitekt.cz\/wp-content\/uploads\/2024\/08\/zvetseni-terasy3-768x432.jpg 768w, https:\/\/jpvarchitekt.cz\/wp-content\/uploads\/2024\/08\/zvetseni-terasy3-1536x864.jpg 1536w, https:\/\/jpvarchitekt.cz\/wp-content\/uploads\/2024\/08\/zvetseni-terasy3.jpg 1920w\" sizes=\"(max-width: 800px) 100vw, 800px\" \/>\t\t\t\t\t\t\t\t<\/a>\n\t\t\t\t\t\t\t\t\t\t\t\t\t\t\t<\/div>\n\t\t\t\t<\/div>\n\t\t\t\t\t<\/div>\n\t\t\t\t<\/div>\n\t\t\t\t<\/div>\n\t\t\t\t<div data-elementor-type=\"loop-item\" data-elementor-id=\"354\" class=\"elementor elementor-354 e-loop-item e-loop-item-2291 post-2291 projekty type-projekty status-publish has-post-thumbnail hentry category-drobna-architektura\" data-elementor-post-type=\"elementor_library\" data-custom-edit-handle=\"1\">\n\t\t\t<div class=\"elementor-element elementor-element-fe5761a e-flex e-con-boxed e-con e-parent\" data-id=\"fe5761a\" data-element_type=\"container\" data-e-type=\"container\" data-settings=\"{&quot;background_background&quot;:&quot;classic&quot;}\">\n\t\t\t\t\t<div class=\"e-con-inner\">\n\t\t<div class=\"elementor-element elementor-element-ad91871 e-con-full e-flex e-con e-child\" data-id=\"ad91871\" data-element_type=\"container\" data-e-type=\"container\">\n\t\t\t\t<div class=\"elementor-element elementor-element-876337d elementor-widget elementor-widget-theme-post-title elementor-page-title elementor-widget-heading\" data-id=\"876337d\" data-element_type=\"widget\" data-e-type=\"widget\" data-widget_type=\"theme-post-title.default\">\n\t\t\t\t\t<h1 class=\"elementor-heading-title elementor-size-default\"><a href=\"https:\/\/jpvarchitekt.cz\/de\/drobna-architektura\/vstup-do-domu\">Vstup do domu<\/a><\/h1>\t\t\t\t<\/div>\n\t\t\t\t<\/div>\n\t\t<div class=\"elementor-element elementor-element-b8b2cfe e-con-full e-flex e-con e-child\" data-id=\"b8b2cfe\" data-element_type=\"container\" data-e-type=\"container\">\n\t\t\t\t<div class=\"elementor-element elementor-element-ea26d67 elementor-widget elementor-widget-theme-post-featured-image elementor-widget-image\" data-id=\"ea26d67\" data-element_type=\"widget\" data-e-type=\"widget\" data-widget_type=\"theme-post-featured-image.default\">\n\t\t\t\t\t\t\t\t\t\t\t\t\t\t\t\t<a href=\"https:\/\/jpvarchitekt.cz\/de\/drobna-architektura\/vstup-do-domu\">\n\t\t\t\t\t\t\t<img loading=\"lazy\" decoding=\"async\" width=\"800\" height=\"534\" src=\"https:\/\/jpvarchitekt.cz\/wp-content\/uploads\/2024\/08\/JPVA2709-014-1024x683.jpg\" class=\"attachment-large size-large wp-image-3613\" alt=\"\" srcset=\"https:\/\/jpvarchitekt.cz\/wp-content\/uploads\/2024\/08\/JPVA2709-014-1024x683.jpg 1024w, https:\/\/jpvarchitekt.cz\/wp-content\/uploads\/2024\/08\/JPVA2709-014-300x200.jpg 300w, https:\/\/jpvarchitekt.cz\/wp-content\/uploads\/2024\/08\/JPVA2709-014-768x512.jpg 768w, https:\/\/jpvarchitekt.cz\/wp-content\/uploads\/2024\/08\/JPVA2709-014-1536x1024.jpg 1536w, https:\/\/jpvarchitekt.cz\/wp-content\/uploads\/2024\/08\/JPVA2709-014-18x12.jpg 18w, https:\/\/jpvarchitekt.cz\/wp-content\/uploads\/2024\/08\/JPVA2709-014.jpg 1920w\" sizes=\"(max-width: 800px) 100vw, 800px\" \/>\t\t\t\t\t\t\t\t<\/a>\n\t\t\t\t\t\t\t\t\t\t\t\t\t\t\t<\/div>\n\t\t\t\t<\/div>\n\t\t\t\t\t<\/div>\n\t\t\t\t<\/div>\n\t\t\t\t<\/div>\n\t\t\t\t<div data-elementor-type=\"loop-item\" data-elementor-id=\"354\" class=\"elementor elementor-354 e-loop-item e-loop-item-2284 post-2284 projekty type-projekty status-publish has-post-thumbnail hentry category-drobna-architektura\" data-elementor-post-type=\"elementor_library\" data-custom-edit-handle=\"1\">\n\t\t\t<div class=\"elementor-element elementor-element-fe5761a e-flex e-con-boxed e-con e-parent\" data-id=\"fe5761a\" data-element_type=\"container\" data-e-type=\"container\" data-settings=\"{&quot;background_background&quot;:&quot;classic&quot;}\">\n\t\t\t\t\t<div class=\"e-con-inner\">\n\t\t<div class=\"elementor-element elementor-element-ad91871 e-con-full e-flex e-con e-child\" data-id=\"ad91871\" data-element_type=\"container\" data-e-type=\"container\">\n\t\t\t\t<div class=\"elementor-element elementor-element-876337d elementor-widget elementor-widget-theme-post-title elementor-page-title elementor-widget-heading\" data-id=\"876337d\" data-element_type=\"widget\" data-e-type=\"widget\" data-widget_type=\"theme-post-title.default\">\n\t\t\t\t\t<h1 class=\"elementor-heading-title elementor-size-default\"><a href=\"https:\/\/jpvarchitekt.cz\/de\/drobna-architektura\/terasa-pro-maminku\">Terasa pro maminku<\/a><\/h1>\t\t\t\t<\/div>\n\t\t\t\t<\/div>\n\t\t<div class=\"elementor-element elementor-element-b8b2cfe e-con-full e-flex e-con e-child\" data-id=\"b8b2cfe\" data-element_type=\"container\" data-e-type=\"container\">\n\t\t\t\t<div class=\"elementor-element elementor-element-ea26d67 elementor-widget elementor-widget-theme-post-featured-image elementor-widget-image\" data-id=\"ea26d67\" data-element_type=\"widget\" data-e-type=\"widget\" data-widget_type=\"theme-post-featured-image.default\">\n\t\t\t\t\t\t\t\t\t\t\t\t\t\t\t\t<a href=\"https:\/\/jpvarchitekt.cz\/de\/drobna-architektura\/terasa-pro-maminku\">\n\t\t\t\t\t\t\t<img loading=\"lazy\" decoding=\"async\" width=\"800\" height=\"600\" src=\"https:\/\/jpvarchitekt.cz\/wp-content\/uploads\/2024\/08\/terasa-citoliby5.jpg\" class=\"attachment-large size-large wp-image-2289\" alt=\"\" srcset=\"https:\/\/jpvarchitekt.cz\/wp-content\/uploads\/2024\/08\/terasa-citoliby5.jpg 1000w, https:\/\/jpvarchitekt.cz\/wp-content\/uploads\/2024\/08\/terasa-citoliby5-300x225.jpg 300w, https:\/\/jpvarchitekt.cz\/wp-content\/uploads\/2024\/08\/terasa-citoliby5-768x576.jpg 768w\" sizes=\"(max-width: 800px) 100vw, 800px\" \/>\t\t\t\t\t\t\t\t<\/a>\n\t\t\t\t\t\t\t\t\t\t\t\t\t\t\t<\/div>\n\t\t\t\t<\/div>\n\t\t\t\t\t<\/div>\n\t\t\t\t<\/div>\n\t\t\t\t<\/div>\n\t\t\t\t<div data-elementor-type=\"loop-item\" data-elementor-id=\"354\" class=\"elementor elementor-354 e-loop-item e-loop-item-2275 post-2275 projekty type-projekty status-publish has-post-thumbnail hentry category-drobna-architektura\" data-elementor-post-type=\"elementor_library\" data-custom-edit-handle=\"1\">\n\t\t\t<div class=\"elementor-element elementor-element-fe5761a e-flex e-con-boxed e-con e-parent\" data-id=\"fe5761a\" data-element_type=\"container\" data-e-type=\"container\" data-settings=\"{&quot;background_background&quot;:&quot;classic&quot;}\">\n\t\t\t\t\t<div class=\"e-con-inner\">\n\t\t<div class=\"elementor-element elementor-element-ad91871 e-con-full e-flex e-con e-child\" data-id=\"ad91871\" data-element_type=\"container\" data-e-type=\"container\">\n\t\t\t\t<div class=\"elementor-element elementor-element-876337d elementor-widget elementor-widget-theme-post-title elementor-page-title elementor-widget-heading\" data-id=\"876337d\" data-element_type=\"widget\" data-e-type=\"widget\" data-widget_type=\"theme-post-title.default\">\n\t\t\t\t\t<h1 class=\"elementor-heading-title elementor-size-default\"><a href=\"https:\/\/jpvarchitekt.cz\/de\/drobna-architektura\/masarykova-vyhlidka\">Masarykova vyhl\u00eddka<\/a><\/h1>\t\t\t\t<\/div>\n\t\t\t\t<\/div>\n\t\t<div class=\"elementor-element elementor-element-b8b2cfe e-con-full e-flex e-con e-child\" data-id=\"b8b2cfe\" data-element_type=\"container\" data-e-type=\"container\">\n\t\t\t\t<div class=\"elementor-element elementor-element-ea26d67 elementor-widget elementor-widget-theme-post-featured-image elementor-widget-image\" data-id=\"ea26d67\" data-element_type=\"widget\" data-e-type=\"widget\" data-widget_type=\"theme-post-featured-image.default\">\n\t\t\t\t\t\t\t\t\t\t\t\t\t\t\t\t<a href=\"https:\/\/jpvarchitekt.cz\/de\/drobna-architektura\/masarykova-vyhlidka\">\n\t\t\t\t\t\t\t<img loading=\"lazy\" decoding=\"async\" width=\"800\" height=\"366\" src=\"https:\/\/jpvarchitekt.cz\/wp-content\/uploads\/2024\/08\/masarykova-vyhlidka2-1024x468.jpg\" class=\"attachment-large size-large wp-image-2277\" alt=\"\" srcset=\"https:\/\/jpvarchitekt.cz\/wp-content\/uploads\/2024\/08\/masarykova-vyhlidka2-1024x468.jpg 1024w, https:\/\/jpvarchitekt.cz\/wp-content\/uploads\/2024\/08\/masarykova-vyhlidka2-300x137.jpg 300w, https:\/\/jpvarchitekt.cz\/wp-content\/uploads\/2024\/08\/masarykova-vyhlidka2-768x351.jpg 768w, https:\/\/jpvarchitekt.cz\/wp-content\/uploads\/2024\/08\/masarykova-vyhlidka2-1536x702.jpg 1536w, https:\/\/jpvarchitekt.cz\/wp-content\/uploads\/2024\/08\/masarykova-vyhlidka2.jpg 1920w\" sizes=\"(max-width: 800px) 100vw, 800px\" \/>\t\t\t\t\t\t\t\t<\/a>\n\t\t\t\t\t\t\t\t\t\t\t\t\t\t\t<\/div>\n\t\t\t\t<\/div>\n\t\t\t\t\t<\/div>\n\t\t\t\t<\/div>\n\t\t\t\t<\/div>\n\t\t\t\t<\/div>\n\t\t\n\t\t\t\t\t\t<\/div>\n\t\t\t\t<\/div>\n\t\t\t\t<\/div>\n\t\t\t\t<\/div>\n\t\t","protected":false},"excerpt":{"rendered":"<p>Navrhneme v\u00e1m zahradn\u00ed&nbsp;domek baz\u00e9n pergolu&nbsp;\u010di&nbsp;terasu letn\u00ed&nbsp;kuchyni alt\u00e1n p\u0159\u00edst\u0159e\u0161ek schodi\u0161t\u011b autobusovou&nbsp;zast\u00e1vku Vn\u00edm\u00e1me prostor jako celek se\u00a0v\u0161emi jeho \u010d\u00e1stmi, proto se\u00a0v\u00a0n\u00e1vrz\u00edch \u010dasto zab\u00fdv\u00e1me i\u00a0drobnou architekturou. Ta zahrnuje men\u0161\u00ed objekty, kter\u00e9 nejsou p\u0159\u00edmo stavbami. M\u016f\u017ee j\u00edt o\u00a0z\u00e1bradl\u00ed, pergoly nebo t\u0159eba terasy, baz\u00e9ny, zahradn\u00ed domky a\u00a0oplocen\u00ed kolem dom\u016f. Tyto mal\u00e9, ale d\u016fle\u017eit\u00e9 prvky dotv\u00e1\u0159ej\u00ed celkov\u00fd vzhled a\u00a0funk\u010dnost prostoru. V\u00edme, [&hellip;]<\/p>\n","protected":false},"author":1,"featured_media":0,"parent":0,"menu_order":0,"comment_status":"closed","ping_status":"closed","template":"elementor_header_footer","meta":{"iawp_total_views":774,"footnotes":""},"class_list":["post-711","page","type-page","status-publish","hentry"],"_links":{"self":[{"href":"https:\/\/jpvarchitekt.cz\/de\/wp-json\/wp\/v2\/pages\/711","targetHints":{"allow":["GET"]}}],"collection":[{"href":"https:\/\/jpvarchitekt.cz\/de\/wp-json\/wp\/v2\/pages"}],"about":[{"href":"https:\/\/jpvarchitekt.cz\/de\/wp-json\/wp\/v2\/types\/page"}],"author":[{"embeddable":true,"href":"https:\/\/jpvarchitekt.cz\/de\/wp-json\/wp\/v2\/users\/1"}],"replies":[{"embeddable":true,"href":"https:\/\/jpvarchitekt.cz\/de\/wp-json\/wp\/v2\/comments?post=711"}],"version-history":[{"count":0,"href":"https:\/\/jpvarchitekt.cz\/de\/wp-json\/wp\/v2\/pages\/711\/revisions"}],"wp:attachment":[{"href":"https:\/\/jpvarchitekt.cz\/de\/wp-json\/wp\/v2\/media?parent=711"}],"curies":[{"name":"wp","href":"https:\/\/api.w.org\/{rel}","templated":true}]}}