{"id":526,"date":"2024-03-27T11:38:14","date_gmt":"2024-03-27T11:38:14","guid":{"rendered":"https:\/\/d.r3.wbsprt.com\/jpvarchitekt.cz\/?page_id=526"},"modified":"2025-05-12T10:05:21","modified_gmt":"2025-05-12T10:05:21","slug":"kontakt","status":"publish","type":"page","link":"https:\/\/jpvarchitekt.cz\/de\/kontakt","title":{"rendered":"Kontakt"},"content":{"rendered":"\t\t<div data-elementor-type=\"wp-page\" data-elementor-id=\"526\" class=\"elementor elementor-526\" data-elementor-post-type=\"page\">\n\t\t\t\t<div class=\"elementor-element elementor-element-875f5f4 e-con-full e-flex e-con e-parent\" data-id=\"875f5f4\" data-element_type=\"container\" data-e-type=\"container\">\n\t\t<div class=\"elementor-element elementor-element-0f0e7a2 e-con-full e-flex e-con e-child\" data-id=\"0f0e7a2\" data-element_type=\"container\" data-e-type=\"container\">\n\t\t\t\t<div class=\"elementor-element elementor-element-61ee97d elementor-widget elementor-widget-heading\" data-id=\"61ee97d\" data-element_type=\"widget\" data-e-type=\"widget\" data-widget_type=\"heading.default\">\n\t\t\t\t\t<h1 class=\"elementor-heading-title elementor-size-default\">Kontakt<\/h1>\t\t\t\t<\/div>\n\t\t\t\t<\/div>\n\t\t<div class=\"elementor-element elementor-element-8ca86dc e-con-full e-flex e-con e-child\" data-id=\"8ca86dc\" data-element_type=\"container\" data-e-type=\"container\">\n\t\t<div class=\"elementor-element elementor-element-de62b93 e-con-full e-flex e-con e-child\" data-id=\"de62b93\" data-element_type=\"container\" data-e-type=\"container\">\n\t\t\t\t<div class=\"elementor-element elementor-element-22d9342 elementor-widget elementor-widget-heading\" data-id=\"22d9342\" data-element_type=\"widget\" data-e-type=\"widget\" data-widget_type=\"heading.default\">\n\t\t\t\t\t<p class=\"elementor-heading-title elementor-size-default\">Architekt<\/p>\t\t\t\t<\/div>\n\t\t\t\t<div class=\"elementor-element elementor-element-fe74792 elementor-widget elementor-widget-image\" data-id=\"fe74792\" data-element_type=\"widget\" data-e-type=\"widget\" data-widget_type=\"image.default\">\n\t\t\t\t\t\t\t\t\t\t\t\t\t\t\t<img fetchpriority=\"high\" decoding=\"async\" width=\"1060\" height=\"1544\" src=\"https:\/\/jpvarchitekt.cz\/wp-content\/uploads\/2024\/11\/pavel-vlcek.jpg\" class=\"attachment-full size-full wp-image-3627\" alt=\"\" srcset=\"https:\/\/jpvarchitekt.cz\/wp-content\/uploads\/2024\/11\/pavel-vlcek.jpg 1060w, https:\/\/jpvarchitekt.cz\/wp-content\/uploads\/2024\/11\/pavel-vlcek-206x300.jpg 206w, https:\/\/jpvarchitekt.cz\/wp-content\/uploads\/2024\/11\/pavel-vlcek-703x1024.jpg 703w, https:\/\/jpvarchitekt.cz\/wp-content\/uploads\/2024\/11\/pavel-vlcek-768x1119.jpg 768w, https:\/\/jpvarchitekt.cz\/wp-content\/uploads\/2024\/11\/pavel-vlcek-1055x1536.jpg 1055w, https:\/\/jpvarchitekt.cz\/wp-content\/uploads\/2024\/11\/pavel-vlcek-8x12.jpg 8w\" sizes=\"(max-width: 1060px) 100vw, 1060px\" \/>\t\t\t\t\t\t\t\t\t\t\t\t\t\t\t<\/div>\n\t\t\t\t<div class=\"elementor-element elementor-element-8b4ae8f elementor-widget elementor-widget-heading\" data-id=\"8b4ae8f\" data-element_type=\"widget\" data-e-type=\"widget\" data-widget_type=\"heading.default\">\n\t\t\t\t\t<p class=\"elementor-heading-title elementor-size-default\">Ing. arch. Jan Pavel Vl\u010dek<\/p>\t\t\t\t<\/div>\n\t\t\t\t<div class=\"elementor-element elementor-element-7f33850 elementor-icon-list--layout-traditional elementor-list-item-link-full_width elementor-widget elementor-widget-icon-list\" data-id=\"7f33850\" data-element_type=\"widget\" data-e-type=\"widget\" data-widget_type=\"icon-list.default\">\n\t\t\t\t\t\t\t<ul class=\"elementor-icon-list-items\">\n\t\t\t\t\t\t\t<li class=\"elementor-icon-list-item\">\n\t\t\t\t\t\t\t\t\t\t\t<a href=\"tel:+420%20605%20840%20936\">\n\n\t\t\t\t\t\t\t\t\t\t\t<span class=\"elementor-icon-list-text\">+420 605 840 936<\/span>\n\t\t\t\t\t\t\t\t\t\t\t<\/a>\n\t\t\t\t\t\t\t\t\t<\/li>\n\t\t\t\t\t\t\t\t<li class=\"elementor-icon-list-item\">\n\t\t\t\t\t\t\t\t\t\t\t<a href=\"mailto:vlcek@JPVarchitekt.cz\">\n\n\t\t\t\t\t\t\t\t\t\t\t<span class=\"elementor-icon-list-text\">vlcek@JPVarchitekt.cz<\/span>\n\t\t\t\t\t\t\t\t\t\t\t<\/a>\n\t\t\t\t\t\t\t\t\t<\/li>\n\t\t\t\t\t\t<\/ul>\n\t\t\t\t\t\t<\/div>\n\t\t\t\t<\/div>\n\t\t<div class=\"elementor-element elementor-element-f0c3630 e-con-full e-flex e-con e-child\" data-id=\"f0c3630\" data-element_type=\"container\" data-e-type=\"container\">\n\t\t\t\t<div class=\"elementor-element elementor-element-e0ef000 elementor-widget elementor-widget-heading\" data-id=\"e0ef000\" data-element_type=\"widget\" data-e-type=\"widget\" data-widget_type=\"heading.default\">\n\t\t\t\t\t<p class=\"elementor-heading-title elementor-size-default\">Projekty<\/p>\t\t\t\t<\/div>\n\t\t\t\t<div class=\"elementor-element elementor-element-61ae09e elementor-widget elementor-widget-image\" data-id=\"61ae09e\" data-element_type=\"widget\" data-e-type=\"widget\" data-widget_type=\"image.default\">\n\t\t\t\t\t\t\t\t\t\t\t\t\t\t\t<img decoding=\"async\" width=\"1064\" height=\"1544\" src=\"https:\/\/jpvarchitekt.cz\/wp-content\/uploads\/2024\/11\/marin-hajek.jpg\" class=\"attachment-full size-full wp-image-3626\" alt=\"\" srcset=\"https:\/\/jpvarchitekt.cz\/wp-content\/uploads\/2024\/11\/marin-hajek.jpg 1064w, https:\/\/jpvarchitekt.cz\/wp-content\/uploads\/2024\/11\/marin-hajek-207x300.jpg 207w, https:\/\/jpvarchitekt.cz\/wp-content\/uploads\/2024\/11\/marin-hajek-706x1024.jpg 706w, https:\/\/jpvarchitekt.cz\/wp-content\/uploads\/2024\/11\/marin-hajek-768x1114.jpg 768w, https:\/\/jpvarchitekt.cz\/wp-content\/uploads\/2024\/11\/marin-hajek-1058x1536.jpg 1058w, https:\/\/jpvarchitekt.cz\/wp-content\/uploads\/2024\/11\/marin-hajek-8x12.jpg 8w\" sizes=\"(max-width: 1064px) 100vw, 1064px\" \/>\t\t\t\t\t\t\t\t\t\t\t\t\t\t\t<\/div>\n\t\t\t\t<div class=\"elementor-element elementor-element-0373082 elementor-widget elementor-widget-heading\" data-id=\"0373082\" data-element_type=\"widget\" data-e-type=\"widget\" data-widget_type=\"heading.default\">\n\t\t\t\t\t<p class=\"elementor-heading-title elementor-size-default\">Ing. Martin H\u00e1jek<\/p>\t\t\t\t<\/div>\n\t\t\t\t<div class=\"elementor-element elementor-element-f1ed442 elementor-icon-list--layout-traditional elementor-list-item-link-full_width elementor-widget elementor-widget-icon-list\" data-id=\"f1ed442\" data-element_type=\"widget\" data-e-type=\"widget\" data-widget_type=\"icon-list.default\">\n\t\t\t\t\t\t\t<ul class=\"elementor-icon-list-items\">\n\t\t\t\t\t\t\t<li class=\"elementor-icon-list-item\">\n\t\t\t\t\t\t\t\t\t\t\t<a href=\"tel:+420%20730%20123%20238%20\">\n\n\t\t\t\t\t\t\t\t\t\t\t<span class=\"elementor-icon-list-text\">+420 730 123 238 <\/span>\n\t\t\t\t\t\t\t\t\t\t\t<\/a>\n\t\t\t\t\t\t\t\t\t<\/li>\n\t\t\t\t\t\t\t\t<li class=\"elementor-icon-list-item\">\n\t\t\t\t\t\t\t\t\t\t\t<a href=\"mailto:projekty@JPVarchitekt.cz\">\n\n\t\t\t\t\t\t\t\t\t\t\t<span class=\"elementor-icon-list-text\">projekty@JPVarchitekt.cz<\/span>\n\t\t\t\t\t\t\t\t\t\t\t<\/a>\n\t\t\t\t\t\t\t\t\t<\/li>\n\t\t\t\t\t\t<\/ul>\n\t\t\t\t\t\t<\/div>\n\t\t\t\t<\/div>\n\t\t<div class=\"elementor-element elementor-element-b033b53 e-con-full e-flex e-con e-child\" data-id=\"b033b53\" data-element_type=\"container\" data-e-type=\"container\">\n\t\t\t\t<div class=\"elementor-element elementor-element-0b90603 elementor-widget elementor-widget-heading\" data-id=\"0b90603\" data-element_type=\"widget\" data-e-type=\"widget\" data-widget_type=\"heading.default\">\n\t\t\t\t\t<p class=\"elementor-heading-title elementor-size-default\">Kancel\u00e1\u0159<\/p>\t\t\t\t<\/div>\n\t\t\t\t<div class=\"elementor-element elementor-element-8d74576 elementor-widget elementor-widget-image\" data-id=\"8d74576\" data-element_type=\"widget\" data-e-type=\"widget\" data-widget_type=\"image.default\">\n\t\t\t\t\t\t\t\t\t\t\t\t\t\t\t<img decoding=\"async\" width=\"1060\" height=\"1544\" src=\"https:\/\/jpvarchitekt.cz\/wp-content\/uploads\/2024\/11\/daniela-kozlikova.jpg\" class=\"attachment-full size-full wp-image-3625\" alt=\"\" srcset=\"https:\/\/jpvarchitekt.cz\/wp-content\/uploads\/2024\/11\/daniela-kozlikova.jpg 1060w, https:\/\/jpvarchitekt.cz\/wp-content\/uploads\/2024\/11\/daniela-kozlikova-206x300.jpg 206w, https:\/\/jpvarchitekt.cz\/wp-content\/uploads\/2024\/11\/daniela-kozlikova-703x1024.jpg 703w, https:\/\/jpvarchitekt.cz\/wp-content\/uploads\/2024\/11\/daniela-kozlikova-768x1119.jpg 768w, https:\/\/jpvarchitekt.cz\/wp-content\/uploads\/2024\/11\/daniela-kozlikova-1055x1536.jpg 1055w, https:\/\/jpvarchitekt.cz\/wp-content\/uploads\/2024\/11\/daniela-kozlikova-8x12.jpg 8w\" sizes=\"(max-width: 1060px) 100vw, 1060px\" \/>\t\t\t\t\t\t\t\t\t\t\t\t\t\t\t<\/div>\n\t\t\t\t<div class=\"elementor-element elementor-element-3b81a50 elementor-widget elementor-widget-heading\" data-id=\"3b81a50\" data-element_type=\"widget\" data-e-type=\"widget\" data-widget_type=\"heading.default\">\n\t\t\t\t\t<p class=\"elementor-heading-title elementor-size-default\">Bc. Daniela Kozl\u00edkov\u00e1<\/p>\t\t\t\t<\/div>\n\t\t\t\t<div class=\"elementor-element elementor-element-65c640a elementor-icon-list--layout-traditional elementor-list-item-link-full_width elementor-widget elementor-widget-icon-list\" data-id=\"65c640a\" data-element_type=\"widget\" data-e-type=\"widget\" data-widget_type=\"icon-list.default\">\n\t\t\t\t\t\t\t<ul class=\"elementor-icon-list-items\">\n\t\t\t\t\t\t\t<li class=\"elementor-icon-list-item\">\n\t\t\t\t\t\t\t\t\t\t\t<a href=\"tel:+420%20739%20234%20727\u00a0%20\">\n\n\t\t\t\t\t\t\t\t\t\t\t<span class=\"elementor-icon-list-text\">+420 739 234 727\u00a0 <\/span>\n\t\t\t\t\t\t\t\t\t\t\t<\/a>\n\t\t\t\t\t\t\t\t\t<\/li>\n\t\t\t\t\t\t\t\t<li class=\"elementor-icon-list-item\">\n\t\t\t\t\t\t\t\t\t\t\t<a href=\"mailto:office@JPVarchitekt.cz\">\n\n\t\t\t\t\t\t\t\t\t\t\t<span class=\"elementor-icon-list-text\">office@JPVarchitekt.cz<\/span>\n\t\t\t\t\t\t\t\t\t\t\t<\/a>\n\t\t\t\t\t\t\t\t\t<\/li>\n\t\t\t\t\t\t<\/ul>\n\t\t\t\t\t\t<\/div>\n\t\t\t\t<\/div>\n\t\t\t\t<\/div>\n\t\t\t\t<\/div>\n\t\t<div class=\"elementor-element elementor-element-e63abab e-con-full e-flex e-con e-parent\" data-id=\"e63abab\" data-element_type=\"container\" data-e-type=\"container\">\n\t\t<div class=\"elementor-element elementor-element-11001d7 e-con-full e-flex e-con e-child\" data-id=\"11001d7\" data-element_type=\"container\" data-e-type=\"container\">\n\t\t\t\t<div class=\"elementor-element elementor-element-1f9d637 elementor-widget elementor-widget-text-editor\" data-id=\"1f9d637\" data-element_type=\"widget\" data-e-type=\"widget\" data-widget_type=\"text-editor.default\">\n\t\t\t\t\t\t\t\t\t<p>Kancel\u00e1\u0159:\u00a0<br \/>Alej Svobody 881\/56, 323 00 Plze\u0148<\/p>\t\t\t\t\t\t\t\t<\/div>\n\t\t\t\t<div class=\"elementor-element elementor-element-ff955ff elementor-widget elementor-widget-text-editor\" data-id=\"ff955ff\" data-element_type=\"widget\" data-e-type=\"widget\" data-widget_type=\"text-editor.default\">\n\t\t\t\t\t\t\t\t\t<p>JPV architekt s.r.o.<\/p>\t\t\t\t\t\t\t\t<\/div>\n\t\t\t\t<div class=\"elementor-element elementor-element-8b64df8 elementor-widget elementor-widget-text-editor\" data-id=\"8b64df8\" data-element_type=\"widget\" data-e-type=\"widget\" data-widget_type=\"text-editor.default\">\n\t\t\t\t\t\t\t\t\t<p>S\u00eddlo:\u00a0<br \/>Sokolovsk\u00e1 1130\/124, Bolevec, 323 00 Plze\u0148<\/p>\t\t\t\t\t\t\t\t<\/div>\n\t\t\t\t<div class=\"elementor-element elementor-element-d893665 elementor-widget elementor-widget-text-editor\" data-id=\"d893665\" data-element_type=\"widget\" data-e-type=\"widget\" data-widget_type=\"text-editor.default\">\n\t\t\t\t\t\t\t\t\t<p>I\u010cO:\u00a0<br \/>10824855<\/p>\t\t\t\t\t\t\t\t<\/div>\n\t\t\t\t<div class=\"elementor-element elementor-element-7c26b6f elementor-widget elementor-widget-text-editor\" data-id=\"7c26b6f\" data-element_type=\"widget\" data-e-type=\"widget\" data-widget_type=\"text-editor.default\">\n\t\t\t\t\t\t\t\t\t<p>DI\u010c:\u00a0<br \/>CZ10824855<\/p>\t\t\t\t\t\t\t\t<\/div>\n\t\t\t\t<\/div>\n\t\t<div class=\"elementor-element elementor-element-5066703 e-con-full e-flex e-con e-child\" data-id=\"5066703\" data-element_type=\"container\" data-e-type=\"container\">\n\t\t\t\t<div class=\"elementor-element elementor-element-6bd25da elementor-widget elementor-widget-google_maps\" data-id=\"6bd25da\" data-element_type=\"widget\" data-e-type=\"widget\" data-widget_type=\"google_maps.default\">\n\t\t\t\t\t\t\t<div class=\"elementor-custom-embed\">\n\t\t\t<iframe loading=\"lazy\"\n\t\t\t\t\tsrc=\"https:\/\/maps.google.com\/maps?q=jpv%20architekt%20plze%C5%88&#038;t=m&#038;z=16&#038;output=embed&#038;iwloc=near\"\n\t\t\t\t\ttitle=\"jpv architekt plze\u0148\"\n\t\t\t\t\taria-label=\"jpv architekt plze\u0148\"\n\t\t\t><\/iframe>\n\t\t<\/div>\n\t\t\t\t\t\t<\/div>\n\t\t\t\t<\/div>\n\t\t\t\t<\/div>\n\t\t<div class=\"elementor-element elementor-element-5854345 e-flex e-con-boxed e-con e-parent\" data-id=\"5854345\" data-element_type=\"container\" data-e-type=\"container\" id=\"napistenam\">\n\t\t\t\t\t<div class=\"e-con-inner\">\n\t\t<div class=\"elementor-element elementor-element-b33be9c e-con-full e-flex e-con e-child\" data-id=\"b33be9c\" data-element_type=\"container\" data-e-type=\"container\" data-settings=\"{&quot;background_background&quot;:&quot;classic&quot;}\">\n\t\t\t\t<div class=\"elementor-element elementor-element-abf8a1b elementor-widget elementor-widget-heading\" data-id=\"abf8a1b\" data-element_type=\"widget\" data-e-type=\"widget\" data-widget_type=\"heading.default\">\n\t\t\t\t\t<h2 class=\"elementor-heading-title elementor-size-default\">Kontaktn\u00ed formul\u00e1\u0159<\/h2>\t\t\t\t<\/div>\n\t\t\t\t<div class=\"elementor-element elementor-element-777ffbd elementor-button-align-start elementor-widget elementor-widget-form\" data-id=\"777ffbd\" data-element_type=\"widget\" data-e-type=\"widget\" data-settings=\"{&quot;step_next_label&quot;:&quot;Next&quot;,&quot;step_previous_label&quot;:&quot;Previous&quot;,&quot;button_width&quot;:&quot;100&quot;,&quot;step_type&quot;:&quot;number_text&quot;,&quot;step_icon_shape&quot;:&quot;circle&quot;}\" data-widget_type=\"form.default\">\n\t\t\t\t\t\t\t<form class=\"elementor-form\" method=\"post\" name=\"Kontaktni form\" aria-label=\"Kontaktni form\">\n\t\t\t<input type=\"hidden\" name=\"post_id\" value=\"526\"\/>\n\t\t\t<input type=\"hidden\" name=\"form_id\" value=\"777ffbd\"\/>\n\t\t\t<input type=\"hidden\" name=\"referer_title\" value=\"Kontakt - Jan Pavel Vl\u010dek Architekt\" \/>\n\n\t\t\t\t\t\t\t<input type=\"hidden\" name=\"queried_id\" value=\"526\"\/>\n\t\t\t\n\t\t\t<div class=\"elementor-form-fields-wrapper elementor-labels-above\">\n\t\t\t\t\t\t\t\t<div class=\"elementor-field-type-text elementor-field-group elementor-column elementor-field-group-name elementor-col-33 elementor-field-required elementor-mark-required\">\n\t\t\t\t\t\t\t\t\t\t\t\t<label for=\"form-field-name\" class=\"elementor-field-label\">\n\t\t\t\t\t\t\t\tJm\u00e9no\t\t\t\t\t\t\t<\/label>\n\t\t\t\t\t\t\t\t\t\t\t\t\t\t<input size=\"1\" type=\"text\" name=\"form_fields[name]\" id=\"form-field-name\" class=\"elementor-field elementor-size-sm  elementor-field-textual\" required=\"required\">\n\t\t\t\t\t\t\t\t\t\t\t<\/div>\n\t\t\t\t\t\t\t\t<div class=\"elementor-field-type-email elementor-field-group elementor-column elementor-field-group-email elementor-col-33 elementor-field-required elementor-mark-required\">\n\t\t\t\t\t\t\t\t\t\t\t\t<label for=\"form-field-email\" class=\"elementor-field-label\">\n\t\t\t\t\t\t\t\tE-mail\t\t\t\t\t\t\t<\/label>\n\t\t\t\t\t\t\t\t\t\t\t\t\t\t<input size=\"1\" type=\"email\" name=\"form_fields[email]\" id=\"form-field-email\" class=\"elementor-field elementor-size-sm  elementor-field-textual\" required=\"required\">\n\t\t\t\t\t\t\t\t\t\t\t<\/div>\n\t\t\t\t\t\t\t\t<div class=\"elementor-field-type-tel elementor-field-group elementor-column elementor-field-group-field_ad59cdc elementor-col-33\">\n\t\t\t\t\t\t\t\t\t\t\t\t<label for=\"form-field-field_ad59cdc\" class=\"elementor-field-label\">\n\t\t\t\t\t\t\t\tTelefon\t\t\t\t\t\t\t<\/label>\n\t\t\t\t\t\t\t\t<input size=\"1\" type=\"tel\" name=\"form_fields[field_ad59cdc]\" id=\"form-field-field_ad59cdc\" class=\"elementor-field elementor-size-sm  elementor-field-textual\" pattern=\"[0-9()#&amp;+*-=.]+\" title=\"Only numbers and phone characters (#, -, *, etc) are accepted.\">\n\n\t\t\t\t\t\t<\/div>\n\t\t\t\t\t\t\t\t<div class=\"elementor-field-type-textarea elementor-field-group elementor-column elementor-field-group-message elementor-col-100 elementor-field-required elementor-mark-required\">\n\t\t\t\t\t\t\t\t\t\t\t\t<label for=\"form-field-message\" class=\"elementor-field-label\">\n\t\t\t\t\t\t\t\tZpr\u00e1va\t\t\t\t\t\t\t<\/label>\n\t\t\t\t\t\t<textarea class=\"elementor-field-textual elementor-field  elementor-size-sm\" name=\"form_fields[message]\" id=\"form-field-message\" rows=\"7\" required=\"required\"><\/textarea>\t\t\t\t<\/div>\n\t\t\t\t\t\t\t\t<div class=\"elementor-field-type-acceptance elementor-field-group elementor-column elementor-field-group-field_1415155 elementor-col-100 elementor-field-required elementor-mark-required\">\n\t\t\t\t\t\t\t\t\t\t\t\t<label for=\"form-field-field_1415155\" class=\"elementor-field-label\">\n\t\t\t\t\t\t\t\tPros\u00edm potvr\u010fte\t\t\t\t\t\t\t<\/label>\n\t\t\t\t\t\t\t\t<div class=\"elementor-field-subgroup\">\n\t\t\t<span class=\"elementor-field-option\">\n\t\t\t\t<input type=\"checkbox\" name=\"form_fields[field_1415155]\" id=\"form-field-field_1415155\" class=\"elementor-field elementor-size-sm  elementor-acceptance-field\" required=\"required\">\n\t\t\t\t<label for=\"form-field-field_1415155\">V\u00e1mi zadan\u00e9 osobn\u00ed \u00fadaje budeme zpracov\u00e1vat za \u00fa\u010delem odpov\u011bdi. \u2028Bli\u017e\u0161\u00ed informace naleznete v\u00a0z\u00e1sad\u00e1ch zpracov\u00e1n\u00ed osobn\u00edch \u00fadaj\u016f\n\n<\/label>\t\t\t<\/span>\n\t\t<\/div>\n\t\t\t\t\t\t<\/div>\n\t\t\t\t\t\t\t\t<div class=\"elementor-field-group elementor-column elementor-field-type-submit elementor-col-100 e-form__buttons\">\n\t\t\t\t\t<button class=\"elementor-button elementor-size-md\" type=\"submit\">\n\t\t\t\t\t\t<span class=\"elementor-button-content-wrapper\">\n\t\t\t\t\t\t\t\t\t\t\t\t\t\t\t\t\t\t\t\t\t\t<span class=\"elementor-button-text\">Odeslat<\/span>\n\t\t\t\t\t\t\t\t\t\t\t\t\t<\/span>\n\t\t\t\t\t<\/button>\n\t\t\t\t<\/div>\n\t\t\t<\/div>\n\t\t<\/form>\n\t\t\t\t\t\t<\/div>\n\t\t\t\t<\/div>\n\t\t\t\t\t<\/div>\n\t\t\t\t<\/div>\n\t\t\t\t<\/div>\n\t\t","protected":false},"excerpt":{"rendered":"<p>Architekt Ing. arch. Jan Pavel Vl\u010dek +420 605 840 936 vlcek@JPVarchitekt.cz Projekty Ing. Martin H\u00e1jek +420 730 123 238 projekty@JPVarchitekt.cz Kancel\u00e1\u0159 Bc. Daniela Kozl\u00edkov\u00e1 +420 739 234 727\u00a0 office@JPVarchitekt.cz Kancel\u00e1\u0159:\u00a0Alej Svobody 881\/56, 323 00 Plze\u0148 JPV architekt s.r.o. S\u00eddlo:\u00a0Sokolovsk\u00e1 1130\/124, Bolevec, 323 00 Plze\u0148 I\u010cO:\u00a010824855 DI\u010c:\u00a0CZ10824855 Kontaktn\u00ed formul\u00e1\u0159<\/p>","protected":false},"author":1,"featured_media":0,"parent":0,"menu_order":0,"comment_status":"closed","ping_status":"closed","template":"elementor_header_footer","meta":{"iawp_total_views":2289,"footnotes":""},"class_list":["post-526","page","type-page","status-publish","hentry"],"_links":{"self":[{"href":"https:\/\/jpvarchitekt.cz\/de\/wp-json\/wp\/v2\/pages\/526","targetHints":{"allow":["GET"]}}],"collection":[{"href":"https:\/\/jpvarchitekt.cz\/de\/wp-json\/wp\/v2\/pages"}],"about":[{"href":"https:\/\/jpvarchitekt.cz\/de\/wp-json\/wp\/v2\/types\/page"}],"author":[{"embeddable":true,"href":"https:\/\/jpvarchitekt.cz\/de\/wp-json\/wp\/v2\/users\/1"}],"replies":[{"embeddable":true,"href":"https:\/\/jpvarchitekt.cz\/de\/wp-json\/wp\/v2\/comments?post=526"}],"version-history":[{"count":10,"href":"https:\/\/jpvarchitekt.cz\/de\/wp-json\/wp\/v2\/pages\/526\/revisions"}],"predecessor-version":[{"id":3791,"href":"https:\/\/jpvarchitekt.cz\/de\/wp-json\/wp\/v2\/pages\/526\/revisions\/3791"}],"wp:attachment":[{"href":"https:\/\/jpvarchitekt.cz\/de\/wp-json\/wp\/v2\/media?parent=526"}],"curies":[{"name":"wp","href":"https:\/\/api.w.org\/{rel}","templated":true}]}}